{"id":61,"date":"2017-10-24T08:56:50","date_gmt":"2017-10-24T08:56:50","guid":{"rendered":"https:\/\/kistit.com\/garazsvasar\/?post_type=product&#038;p=61"},"modified":"2018-01-02T18:40:51","modified_gmt":"2018-01-02T18:40:51","slug":"kapucnis-kardigan","status":"publish","type":"product","link":"https:\/\/kistit.com\/garazsvasar\/termek\/kapucnis-kardigan\/","title":{"rendered":"Kapucnis Batman kardig\u00e1n"},"content":{"rendered":"<p>Ujj\u00e1nak hossza: 62 cm<br \/>\nZipz\u00e1r hossz: 65 cm<br \/>\nMellsz\u00e9less\u00e9g (h\u00f3nalj alatt m\u00e9rve): 52 cm<br \/>\nV\u00e1llsz\u00e9less\u00e9g: 42 cm<\/p>\n<p><span style=\"color: #ff0000;\"><strong>Ez a term\u00e9k eredeti csomagol\u00e1s\u00fa, soha nem haszn\u00e1lt term\u00e9k.\u00a0Megrendelt, de nem k\u00e9zbes\u00edtett vagy ismeretlen c\u00edmzettel rendelkez\u0151 k\u00fclf\u00f6ldr\u0151l \u00e9rkezett k\u00fcldem\u00e9ny volt.<\/strong><\/span><\/p>\n<p>Ha \u00e9rdekelne k\u00f6zelebbr\u0151l, felpr\u00f3b\u00e1ln\u00e1d, megvenn\u00e9d, akkor a\u00a0<a href=\"https:\/\/kistit.com\/garazsvasar\/kapcsolat\/\" target=\"_blank\" rel=\"noopener\">kapcsolat<\/a>\u00a0oldalon tal\u00e1lod az el\u00e9rhet\u0151s\u00e9geimet.<\/p>\n","protected":false},"excerpt":{"rendered":"<p>&nbsp;<\/p>\n<p>XL-es m\u00e9ret\u0171 sz\u00fcrke kapucnis p\u00f3l\u00f3anyag\u00fa kardig\u00e1n, melyen arany Batman jel l\u00e1that\u00f3. A kardig\u00e1n \u00e9rdekess\u00e9ge, hogy balra tolt cipz\u00e1roz\u00e1s\u00fa. \u00c1ll\u00edt\u00f3lag n\u0151i.<\/p>\n<p><a href=\"https:\/\/kistit.com\/garazsvasar\/kapcsolat\/\" target=\"_blank\" rel=\"noopener\"><img decoding=\"async\" loading=\"lazy\" class=\"alignnone size-full wp-image-212\" src=\"https:\/\/kistit.com\/garazsvasar\/wp-content\/uploads\/2017\/10\/erdekel-gomb.png\" alt=\"erdekel gomb\" width=\"250\" height=\"61\" \/><\/a><\/p>\n","protected":false},"featured_media":62,"comment_status":"open","ping_status":"closed","template":"","meta":{"_et_pb_use_builder":"","_et_pb_old_content":"","_et_gb_content_width":""},"product_cat":[28,27],"product_tag":[],"_links":{"self":[{"href":"https:\/\/kistit.com\/garazsvasar\/wp-json\/wp\/v2\/product\/61"}],"collection":[{"href":"https:\/\/kistit.com\/garazsvasar\/wp-json\/wp\/v2\/product"}],"about":[{"href":"https:\/\/kistit.com\/garazsvasar\/wp-json\/wp\/v2\/types\/product"}],"replies":[{"embeddable":true,"href":"https:\/\/kistit.com\/garazsvasar\/wp-json\/wp\/v2\/comments?post=61"}],"wp:featuredmedia":[{"embeddable":true,"href":"https:\/\/kistit.com\/garazsvasar\/wp-json\/wp\/v2\/media\/62"}],"wp:attachment":[{"href":"https:\/\/kistit.com\/garazsvasar\/wp-json\/wp\/v2\/media?parent=61"}],"wp:term":[{"taxonomy":"product_cat","embeddable":true,"href":"https:\/\/kistit.com\/garazsvasar\/wp-json\/wp\/v2\/product_cat?post=61"},{"taxonomy":"product_tag","embeddable":true,"href":"https:\/\/kistit.com\/garazsvasar\/wp-json\/wp\/v2\/product_tag?post=61"}],"curies":[{"name":"wp","href":"https:\/\/api.w.org\/{rel}","templated":true}]}}