{"id":55,"date":"2017-10-24T08:14:28","date_gmt":"2017-10-24T08:14:28","guid":{"rendered":"https:\/\/kistit.com\/garazsvasar\/?post_type=product&#038;p=55"},"modified":"2017-12-18T10:36:18","modified_gmt":"2017-12-18T10:36:18","slug":"sotetkek-bakancs","status":"publish","type":"product","link":"https:\/\/kistit.com\/garazsvasar\/termek\/sotetkek-bakancs\/","title":{"rendered":"S\u00f6t\u00e9tk\u00e9k bakancs"},"content":{"rendered":"<p><span style=\"color: #ff0000;\"><strong>Ez a term\u00e9k eredeti csomagol\u00e1s\u00fa, soha nem haszn\u00e1lt term\u00e9k.\u00a0Megrendelt, de nem k\u00e9zbes\u00edtett vagy ismeretlen c\u00edmzettel rendelkez\u0151 k\u00fclf\u00f6ldr\u0151l \u00e9rkezett k\u00fcldem\u00e9ny volt.<\/strong><\/span><\/p>\n<p>Ha \u00e9rdekelne k\u00f6zelebbr\u0151l, felpr\u00f3b\u00e1ln\u00e1d, megvenn\u00e9d, akkor a\u00a0<a href=\"https:\/\/kistit.com\/garazsvasar\/kapcsolat\/\" target=\"_blank\" rel=\"noopener\">kapcsolat<\/a>\u00a0oldalon tal\u00e1lod az el\u00e9rhet\u0151s\u00e9geimet.<\/p>\n","protected":false},"excerpt":{"rendered":"<p>&nbsp;<\/p>\n<p>Vag\u00e1ny sz\u00edn\u0171 (kicsit lil\u00e1s be\u00fct\u00e9s\u0171 s\u00f6t\u00e9tk\u00e9k) 39-es m\u00e9ret\u0171 meleg magas sz\u00e1r\u00fa cip\u0151 vagy ink\u00e1bb bakancs. Bel\u00fcl nagyon sok puhas\u00e1g van.\u00a0Bels\u0151 talpa olyan 24 cm, k\u00fcls\u0151 talpm\u00e9ret 27 cm.<\/p>\n<p><a href=\"https:\/\/kistit.com\/garazsvasar\/kapcsolat\/\" target=\"_blank\" rel=\"noopener\"><img decoding=\"async\" loading=\"lazy\" class=\"alignnone size-full wp-image-212\" src=\"https:\/\/kistit.com\/garazsvasar\/wp-content\/uploads\/2017\/10\/erdekel-gomb.png\" alt=\"erdekel gomb\" width=\"250\" height=\"61\" \/><\/a><\/p>\n","protected":false},"featured_media":56,"comment_status":"open","ping_status":"closed","template":"","meta":{"_et_pb_use_builder":"","_et_pb_old_content":"","_et_gb_content_width":""},"product_cat":[17],"product_tag":[],"_links":{"self":[{"href":"https:\/\/kistit.com\/garazsvasar\/wp-json\/wp\/v2\/product\/55"}],"collection":[{"href":"https:\/\/kistit.com\/garazsvasar\/wp-json\/wp\/v2\/product"}],"about":[{"href":"https:\/\/kistit.com\/garazsvasar\/wp-json\/wp\/v2\/types\/product"}],"replies":[{"embeddable":true,"href":"https:\/\/kistit.com\/garazsvasar\/wp-json\/wp\/v2\/comments?post=55"}],"wp:featuredmedia":[{"embeddable":true,"href":"https:\/\/kistit.com\/garazsvasar\/wp-json\/wp\/v2\/media\/56"}],"wp:attachment":[{"href":"https:\/\/kistit.com\/garazsvasar\/wp-json\/wp\/v2\/media?parent=55"}],"wp:term":[{"taxonomy":"product_cat","embeddable":true,"href":"https:\/\/kistit.com\/garazsvasar\/wp-json\/wp\/v2\/product_cat?post=55"},{"taxonomy":"product_tag","embeddable":true,"href":"https:\/\/kistit.com\/garazsvasar\/wp-json\/wp\/v2\/product_tag?post=55"}],"curies":[{"name":"wp","href":"https:\/\/api.w.org\/{rel}","templated":true}]}}