{"id":52,"date":"2017-10-24T08:09:29","date_gmt":"2017-10-24T08:09:29","guid":{"rendered":"https:\/\/kistit.com\/garazsvasar\/?post_type=product&#038;p=52"},"modified":"2017-10-31T07:29:43","modified_gmt":"2017-10-31T07:29:43","slug":"zseles-mukoromepito-szett","status":"publish","type":"product","link":"https:\/\/kistit.com\/garazsvasar\/termek\/zseles-mukoromepito-szett\/","title":{"rendered":"Zsel\u00e9s m\u0171k\u00f6r\u00f6m\u00e9p\u00edt\u0151 szett"},"content":{"rendered":"<p><span style=\"color: #ff0000;\"><strong>Ez a term\u00e9k eredeti csomagol\u00e1s\u00fa, soha nem haszn\u00e1lt term\u00e9k.\u00a0Megrendelt, de nem k\u00e9zbes\u00edtett vagy ismeretlen c\u00edmzettel rendelkez\u0151 k\u00fclf\u00f6ldr\u0151l \u00e9rkezett k\u00fcldem\u00e9ny volt.<\/strong><\/span><\/p>\n<p>Ha \u00e9rdekelne k\u00f6zelebbr\u0151l, felpr\u00f3b\u00e1ln\u00e1d, megvenn\u00e9d, akkor a\u00a0<a href=\"https:\/\/kistit.com\/garazsvasar\/kapcsolat\/\" target=\"_blank\" rel=\"noopener\">kapcsolat<\/a>\u00a0oldalon tal\u00e1lod az el\u00e9rhet\u0151s\u00e9geimet.<\/p>\n","protected":false},"excerpt":{"rendered":"<p>&nbsp;<\/p>\n<p>Ez a m\u0171k\u00f6r\u00f6m-\u00e9p\u00edt\u0151 indul\u00f3 k\u00e9szlet tartalmazza azokat az eszk\u00f6z\u00f6ket \u00e9s alapanyagokat (kiv\u00e9ve a l\u00e1mp\u00e1t), amikre tulajdonos\u00e1nak a m\u0171k\u00f6r\u00f6m \u00e9p\u00edt\u00e9sekor sz\u00fcks\u00e9ge van. Hobby \u00e9s profi szinten tev\u00e9kenyked\u0151 m\u0171k\u00f6rm\u00f6s\u00f6k sz\u00e1m\u00e1ra is aj\u00e1nlott.<\/p>\n<p>A k\u00f6vetkez\u0151k vannak benne:\u00a0k\u00e9tf\u00e9le tipp, hozz\u00e1 ragaszt\u00f3, UV-zsel\u00e9k, fed\u0151 lakk, fix\u00e1l\u00f3 \u00e9s ahhoz t\u00f6rl\u0151k.\u00a0Egy buffer, egy illatos olaj, reszel\u0151, kefe, tipp &#8222;cs\u00edp\u0151,v\u00e1g\u00f3&#8221; csipesz a form\u00e1z\u00e1shoz (az \u00edvhez), d\u00edsz\u00edt\u0151 k\u00f6vek \u00e9s csill\u00e1mok.<\/p>\n<p><a href=\"https:\/\/kistit.com\/garazsvasar\/kapcsolat\/\" target=\"_blank\" rel=\"noopener\"><img decoding=\"async\" loading=\"lazy\" class=\"alignnone size-full wp-image-212\" src=\"https:\/\/kistit.com\/garazsvasar\/wp-content\/uploads\/2017\/10\/erdekel-gomb.png\" alt=\"erdekel gomb\" width=\"250\" height=\"61\" \/><\/a><\/p>\n","protected":false},"featured_media":54,"comment_status":"open","ping_status":"closed","template":"","meta":{"_et_pb_use_builder":"","_et_pb_old_content":"","_et_gb_content_width":""},"product_cat":[29],"product_tag":[],"_links":{"self":[{"href":"https:\/\/kistit.com\/garazsvasar\/wp-json\/wp\/v2\/product\/52"}],"collection":[{"href":"https:\/\/kistit.com\/garazsvasar\/wp-json\/wp\/v2\/product"}],"about":[{"href":"https:\/\/kistit.com\/garazsvasar\/wp-json\/wp\/v2\/types\/product"}],"replies":[{"embeddable":true,"href":"https:\/\/kistit.com\/garazsvasar\/wp-json\/wp\/v2\/comments?post=52"}],"wp:featuredmedia":[{"embeddable":true,"href":"https:\/\/kistit.com\/garazsvasar\/wp-json\/wp\/v2\/media\/54"}],"wp:attachment":[{"href":"https:\/\/kistit.com\/garazsvasar\/wp-json\/wp\/v2\/media?parent=52"}],"wp:term":[{"taxonomy":"product_cat","embeddable":true,"href":"https:\/\/kistit.com\/garazsvasar\/wp-json\/wp\/v2\/product_cat?post=52"},{"taxonomy":"product_tag","embeddable":true,"href":"https:\/\/kistit.com\/garazsvasar\/wp-json\/wp\/v2\/product_tag?post=52"}],"curies":[{"name":"wp","href":"https:\/\/api.w.org\/{rel}","templated":true}]}}