{"id":140,"date":"2017-10-29T19:31:44","date_gmt":"2017-10-29T19:31:44","guid":{"rendered":"https:\/\/kistit.com\/garazsvasar\/?post_type=product&#038;p=140"},"modified":"2017-10-31T05:52:23","modified_gmt":"2017-10-31T05:52:23","slug":"vibrator","status":"publish","type":"product","link":"https:\/\/kistit.com\/garazsvasar\/termek\/vibrator\/","title":{"rendered":"Vibr\u00e1tor"},"content":{"rendered":"<p><span style=\"color: #ff0000;\"><strong>Ez a term\u00e9k eredeti csomagol\u00e1s\u00fa, soha nem haszn\u00e1lt term\u00e9k.\u00a0Megrendelt, de nem k\u00e9zbes\u00edtett vagy ismeretlen c\u00edmzettel rendelkez\u0151 k\u00fclf\u00f6ldr\u0151l \u00e9rkezett k\u00fcldem\u00e9ny volt.<\/strong><\/span><\/p>\n<p>Ha \u00e9rdekelne k\u00f6zelebbr\u0151l, felpr\u00f3b\u00e1ln\u00e1d, megvenn\u00e9d, akkor a <a href=\"https:\/\/kistit.com\/garazsvasar\/kapcsolat\/\" target=\"_blank\" rel=\"noopener\">kapcsolat<\/a> oldalon tal\u00e1lod az el\u00e9rhet\u0151s\u00e9geimet.<\/p>\n","protected":false},"excerpt":{"rendered":"<p>&nbsp;<\/p>\n<p>Nos, igen ez egy vibr\u00e1tor. R\u00f3zsasz\u00edn-feh\u00e9r sz\u00ednben, eredeti dobozos bontatlan csomagol\u00e1sban. A k\u00f6vetkez\u0151ket der\u00edtett\u00fck ki r\u00f3la.<\/p>\n<p>100%-os orvosi ABS szilikonnal k\u00e9sz\u00fclt.<br \/>\n2 puha rugalmas feje van, ami \u00e1ll\u00edt\u00f3lag az intenz\u00edv orgazmust seg\u00edti. A G-pontot is stimul\u00e1lja.<br \/>\n9 rezg\u0151 frekvencia.\u00a0Forg\u00f3 gy\u00f6ngy\u00f6k a hull\u00e1mban.<br \/>\nSzuper er\u0151s motorja van \u00e9s ennek ellen\u00e9re csendes. USB k\u00e1bellel t\u00f6lthet\u0151.<\/p>\n<p>M\u0171szaki adatok:<br \/>\n&#8211; Anyaga: szilikon \u00e9s ABS<br \/>\n&#8211; Teljes hossz: 22,5 cm<br \/>\n&#8211; \u00c1tm\u00e9r\u0151: maximum 3,5 cm-es<br \/>\n&#8211; M\u00f3d: 9 t\u00edpus\u00fa rezg\u00e9s<br \/>\n&#8211; T\u00e1p: DC5V, t\u00f6lthet\u0151 USB k\u00e1belen kereszt\u00fcl<br \/>\n&#8211; S\u00faly: 195 g<br \/>\n&#8211; T\u00f6lt\u00e9si id\u0151: 2-3 \u00f3ra<br \/>\n&#8211; M\u0171k\u00f6d\u00e9si id\u0151: 2 \u00f3ra<\/p>\n<p><a href=\"https:\/\/kistit.com\/garazsvasar\/kapcsolat\/\" target=\"_blank\" rel=\"noopener\"><img decoding=\"async\" loading=\"lazy\" class=\"alignnone size-full wp-image-212\" src=\"https:\/\/kistit.com\/garazsvasar\/wp-content\/uploads\/2017\/10\/erdekel-gomb.png\" alt=\"erdekel gomb\" width=\"250\" height=\"61\" \/><\/a><\/p>\n","protected":false},"featured_media":141,"comment_status":"open","ping_status":"closed","template":"","meta":{"_et_pb_use_builder":"","_et_pb_old_content":"","_et_gb_content_width":""},"product_cat":[21],"product_tag":[],"_links":{"self":[{"href":"https:\/\/kistit.com\/garazsvasar\/wp-json\/wp\/v2\/product\/140"}],"collection":[{"href":"https:\/\/kistit.com\/garazsvasar\/wp-json\/wp\/v2\/product"}],"about":[{"href":"https:\/\/kistit.com\/garazsvasar\/wp-json\/wp\/v2\/types\/product"}],"replies":[{"embeddable":true,"href":"https:\/\/kistit.com\/garazsvasar\/wp-json\/wp\/v2\/comments?post=140"}],"wp:featuredmedia":[{"embeddable":true,"href":"https:\/\/kistit.com\/garazsvasar\/wp-json\/wp\/v2\/media\/141"}],"wp:attachment":[{"href":"https:\/\/kistit.com\/garazsvasar\/wp-json\/wp\/v2\/media?parent=140"}],"wp:term":[{"taxonomy":"product_cat","embeddable":true,"href":"https:\/\/kistit.com\/garazsvasar\/wp-json\/wp\/v2\/product_cat?post=140"},{"taxonomy":"product_tag","embeddable":true,"href":"https:\/\/kistit.com\/garazsvasar\/wp-json\/wp\/v2\/product_tag?post=140"}],"curies":[{"name":"wp","href":"https:\/\/api.w.org\/{rel}","templated":true}]}}