{"id":136,"date":"2017-10-29T19:09:46","date_gmt":"2017-10-29T19:09:46","guid":{"rendered":"https:\/\/kistit.com\/garazsvasar\/?post_type=product&#038;p=136"},"modified":"2017-10-31T05:54:11","modified_gmt":"2017-10-31T05:54:11","slug":"kremszinu-tancszoknya","status":"publish","type":"product","link":"https:\/\/kistit.com\/garazsvasar\/termek\/kremszinu-tancszoknya\/","title":{"rendered":"Kr\u00e9msz\u00edn\u0171 t\u00e1ncszoknya"},"content":{"rendered":"<p><span style=\"color: #ff0000;\"><strong>Ez a term\u00e9k eredeti csomagol\u00e1s\u00fa, soha nem haszn\u00e1lt term\u00e9k.\u00a0Megrendelt, de nem k\u00e9zbes\u00edtett vagy ismeretlen c\u00edmzettel rendelkez\u0151 k\u00fclf\u00f6ldr\u0151l \u00e9rkezett k\u00fcldem\u00e9ny volt.<\/strong><\/span><\/p>\n<p>Ha \u00e9rdekelne k\u00f6zelebbr\u0151l, felpr\u00f3b\u00e1ln\u00e1d, megvenn\u00e9d, akkor a <a href=\"https:\/\/kistit.com\/garazsvasar\/kapcsolat\/\" target=\"_blank\" rel=\"noopener\">kapcsolat<\/a> oldalon tal\u00e1lod az el\u00e9rhet\u0151s\u00e9geimet.<\/p>\n","protected":false},"excerpt":{"rendered":"<p>&nbsp;<\/p>\n<p>Gumis derek\u00fa, kr\u00e9msz\u00edn\u0171 selyem als\u00f3szokny\u00e1s, feh\u00e9r gy\u00f6ngy\u00f6kkel d\u00edsz\u00edtett t\u00e1ncszoknya, aminek alap\u00e1llapotban l\u00e9v\u0151 dereka 31 cm, hossza pedig sim\u00e1n t\u00e9rd al\u00e1 \u00e9r. Nem tudjuk, hogy feln\u0151tt vagy gyerek m\u00e9ret, de ak\u00e1r mindkett\u0151 is lehet.<\/p>\n<p><a href=\"https:\/\/kistit.com\/garazsvasar\/kapcsolat\/\" target=\"_blank\" rel=\"noopener\"><img decoding=\"async\" loading=\"lazy\" class=\"alignnone size-full wp-image-212\" src=\"https:\/\/kistit.com\/garazsvasar\/wp-content\/uploads\/2017\/10\/erdekel-gomb.png\" alt=\"erdekel gomb\" width=\"250\" height=\"61\" \/><\/a><\/p>\n","protected":false},"featured_media":137,"comment_status":"open","ping_status":"closed","template":"","meta":{"_et_pb_use_builder":"","_et_pb_old_content":"","_et_gb_content_width":""},"product_cat":[27],"product_tag":[],"_links":{"self":[{"href":"https:\/\/kistit.com\/garazsvasar\/wp-json\/wp\/v2\/product\/136"}],"collection":[{"href":"https:\/\/kistit.com\/garazsvasar\/wp-json\/wp\/v2\/product"}],"about":[{"href":"https:\/\/kistit.com\/garazsvasar\/wp-json\/wp\/v2\/types\/product"}],"replies":[{"embeddable":true,"href":"https:\/\/kistit.com\/garazsvasar\/wp-json\/wp\/v2\/comments?post=136"}],"wp:featuredmedia":[{"embeddable":true,"href":"https:\/\/kistit.com\/garazsvasar\/wp-json\/wp\/v2\/media\/137"}],"wp:attachment":[{"href":"https:\/\/kistit.com\/garazsvasar\/wp-json\/wp\/v2\/media?parent=136"}],"wp:term":[{"taxonomy":"product_cat","embeddable":true,"href":"https:\/\/kistit.com\/garazsvasar\/wp-json\/wp\/v2\/product_cat?post=136"},{"taxonomy":"product_tag","embeddable":true,"href":"https:\/\/kistit.com\/garazsvasar\/wp-json\/wp\/v2\/product_tag?post=136"}],"curies":[{"name":"wp","href":"https:\/\/api.w.org\/{rel}","templated":true}]}}