{"id":132,"date":"2017-10-29T18:52:07","date_gmt":"2017-10-29T18:52:07","guid":{"rendered":"https:\/\/kistit.com\/garazsvasar\/?post_type=product&#038;p=132"},"modified":"2017-12-18T10:33:30","modified_gmt":"2017-12-18T10:33:30","slug":"kavebarna-mokaszin","status":"publish","type":"product","link":"https:\/\/kistit.com\/garazsvasar\/termek\/kavebarna-mokaszin\/","title":{"rendered":"K\u00e1v\u00e9barna mokaszin"},"content":{"rendered":"<p><span style=\"color: #ff0000;\"><strong>Ez a term\u00e9k eredeti csomagol\u00e1s\u00fa, soha nem haszn\u00e1lt term\u00e9k.\u00a0Megrendelt, de nem k\u00e9zbes\u00edtett vagy ismeretlen c\u00edmzettel rendelkez\u0151 k\u00fclf\u00f6ldr\u0151l \u00e9rkezett k\u00fcldem\u00e9ny volt.<\/strong><\/span><\/p>\n<p>Ha \u00e9rdekelne k\u00f6zelebbr\u0151l, felpr\u00f3b\u00e1ln\u00e1d, megvenn\u00e9d, akkor a <a href=\"https:\/\/kistit.com\/garazsvasar\/kapcsolat\/\" target=\"_blank\" rel=\"noopener\">kapcsolat<\/a> oldalon tal\u00e1lod az el\u00e9rhet\u0151s\u00e9geimet.<\/p>\n","protected":false},"excerpt":{"rendered":"<p>&nbsp;<\/p>\n<p>R\u00e1\u00edrt m\u00e9retez\u00e9se szerint 38-as m\u00e9ret\u0171 (bels\u0151 talpm\u00e9rete kb. 23 cm), k\u00e1v\u00e9barna sz\u00edn\u0171 n\u0151i mokaszin, amelynek \u00e9rdekess\u00e9ge, hogy a sarok kik\u00e9pz\u00e9se miatt k\u00f6nnyen papuccs\u00e1 alak\u00edthat\u00f3 (az egyik k\u00e9p ezt mutatja, csak nem k\u00e1v\u00e9barna a cip\u0151). K\u00e9nyelmes, egyszer\u0171 \u00e9s b\u0151r.<\/p>\n<p><a href=\"https:\/\/kistit.com\/garazsvasar\/kapcsolat\/\" target=\"_blank\" rel=\"noopener\"><img decoding=\"async\" loading=\"lazy\" class=\"alignnone size-full wp-image-212\" src=\"https:\/\/kistit.com\/garazsvasar\/wp-content\/uploads\/2017\/10\/erdekel-gomb.png\" alt=\"erdekel gomb\" width=\"250\" height=\"61\" \/><\/a><\/p>\n","protected":false},"featured_media":134,"comment_status":"open","ping_status":"closed","template":"","meta":{"_et_pb_use_builder":"","_et_pb_old_content":"","_et_gb_content_width":""},"product_cat":[17],"product_tag":[],"_links":{"self":[{"href":"https:\/\/kistit.com\/garazsvasar\/wp-json\/wp\/v2\/product\/132"}],"collection":[{"href":"https:\/\/kistit.com\/garazsvasar\/wp-json\/wp\/v2\/product"}],"about":[{"href":"https:\/\/kistit.com\/garazsvasar\/wp-json\/wp\/v2\/types\/product"}],"replies":[{"embeddable":true,"href":"https:\/\/kistit.com\/garazsvasar\/wp-json\/wp\/v2\/comments?post=132"}],"wp:featuredmedia":[{"embeddable":true,"href":"https:\/\/kistit.com\/garazsvasar\/wp-json\/wp\/v2\/media\/134"}],"wp:attachment":[{"href":"https:\/\/kistit.com\/garazsvasar\/wp-json\/wp\/v2\/media?parent=132"}],"wp:term":[{"taxonomy":"product_cat","embeddable":true,"href":"https:\/\/kistit.com\/garazsvasar\/wp-json\/wp\/v2\/product_cat?post=132"},{"taxonomy":"product_tag","embeddable":true,"href":"https:\/\/kistit.com\/garazsvasar\/wp-json\/wp\/v2\/product_tag?post=132"}],"curies":[{"name":"wp","href":"https:\/\/api.w.org\/{rel}","templated":true}]}}