{"id":130,"date":"2017-10-29T18:47:11","date_gmt":"2017-10-29T18:47:11","guid":{"rendered":"https:\/\/kistit.com\/garazsvasar\/?post_type=product&#038;p=130"},"modified":"2017-11-23T20:53:57","modified_gmt":"2017-11-23T20:53:57","slug":"abercrombie-fitch-szoknya","status":"publish","type":"product","link":"https:\/\/kistit.com\/garazsvasar\/termek\/abercrombie-fitch-szoknya\/","title":{"rendered":"Abercrombie &#038; Fitch szoknya"},"content":{"rendered":"<p><span style=\"color: #ff0000;\"><strong>Ez a term\u00e9k eredeti csomagol\u00e1s\u00fa, soha nem haszn\u00e1lt term\u00e9k.\u00a0Megrendelt, de nem k\u00e9zbes\u00edtett vagy ismeretlen c\u00edmzettel rendelkez\u0151 k\u00fclf\u00f6ldr\u0151l \u00e9rkezett k\u00fcldem\u00e9ny volt.<\/strong><\/span><\/p>\n<p>Ha \u00e9rdekelne k\u00f6zelebbr\u0151l, felpr\u00f3b\u00e1ln\u00e1d, megvenn\u00e9d, akkor a <a href=\"https:\/\/kistit.com\/garazsvasar\/kapcsolat\/\" target=\"_blank\" rel=\"noopener\">kapcsolat<\/a> oldalon tal\u00e1lod az el\u00e9rhet\u0151s\u00e9geimet.<\/p>\n","protected":false},"excerpt":{"rendered":"<p>&nbsp;<\/p>\n<p>Eredeti original senki \u00e1ltal nem hordott term\u00e9k. Az Abercrombie &amp; Fitch eredetileg szabadid\u0151s- \u00e9s sportfelszerel\u00e9sek \u00e1rus\u00edt\u00e1s\u00e1val foglalkozott, m\u00e1ra azonban az egyik legjelent\u0151sebb ruh\u00e1zati brandd\u00e9 n\u0151tte ki mag\u00e1t. Err\u0151l a rakott szokny\u00e1r\u00f3l sem lehet eld\u00f6nteni, hogy tenisz, t\u00e1nc vagy utcai szoknya. A l\u00e9nyege, hogy r\u00f6vid \u00e9s saj\u00e1t bevarrt fekete als\u00f3nadr\u00e1ggal van ell\u00e1tva. A m\u00e9ret, ami bele van \u00edrva L, de az\u00e9rt ilyen L-es m\u00e9rettel senki nem mondhat\u00f3 nagy darabnak gum\u00edrozott dereka teljes sz\u00e9less\u00e9gre\u00a0<strong>kifesz\u00edtve<\/strong> is 84-es der\u00e9kra j\u00f3.<\/p>\n<p><a href=\"https:\/\/kistit.com\/garazsvasar\/kapcsolat\/\" target=\"_blank\" rel=\"noopener\"><img decoding=\"async\" loading=\"lazy\" class=\"alignnone size-full wp-image-212\" src=\"https:\/\/kistit.com\/garazsvasar\/wp-content\/uploads\/2017\/10\/erdekel-gomb.png\" alt=\"erdekel gomb\" width=\"250\" height=\"61\" \/><\/a><\/p>\n","protected":false},"featured_media":131,"comment_status":"open","ping_status":"closed","template":"","meta":{"_et_pb_use_builder":"","_et_pb_old_content":"","_et_gb_content_width":""},"product_cat":[27],"product_tag":[],"_links":{"self":[{"href":"https:\/\/kistit.com\/garazsvasar\/wp-json\/wp\/v2\/product\/130"}],"collection":[{"href":"https:\/\/kistit.com\/garazsvasar\/wp-json\/wp\/v2\/product"}],"about":[{"href":"https:\/\/kistit.com\/garazsvasar\/wp-json\/wp\/v2\/types\/product"}],"replies":[{"embeddable":true,"href":"https:\/\/kistit.com\/garazsvasar\/wp-json\/wp\/v2\/comments?post=130"}],"wp:featuredmedia":[{"embeddable":true,"href":"https:\/\/kistit.com\/garazsvasar\/wp-json\/wp\/v2\/media\/131"}],"wp:attachment":[{"href":"https:\/\/kistit.com\/garazsvasar\/wp-json\/wp\/v2\/media?parent=130"}],"wp:term":[{"taxonomy":"product_cat","embeddable":true,"href":"https:\/\/kistit.com\/garazsvasar\/wp-json\/wp\/v2\/product_cat?post=130"},{"taxonomy":"product_tag","embeddable":true,"href":"https:\/\/kistit.com\/garazsvasar\/wp-json\/wp\/v2\/product_tag?post=130"}],"curies":[{"name":"wp","href":"https:\/\/api.w.org\/{rel}","templated":true}]}}