{"id":117,"date":"2017-10-29T10:38:03","date_gmt":"2017-10-29T10:38:03","guid":{"rendered":"https:\/\/kistit.com\/garazsvasar\/?post_type=product&#038;p=117"},"modified":"2017-11-16T20:55:28","modified_gmt":"2017-11-16T20:55:28","slug":"117","status":"publish","type":"product","link":"https:\/\/kistit.com\/garazsvasar\/termek\/117\/","title":{"rendered":"Parti LED l\u00e1mpa"},"content":{"rendered":"<p><span style=\"color: #ff0000;\"><strong>Ez a term\u00e9k eredeti csomagol\u00e1s\u00fa, soha nem haszn\u00e1lt term\u00e9k.\u00a0Megrendelt, de nem k\u00e9zbes\u00edtett vagy ismeretlen c\u00edmzettel rendelkez\u0151 k\u00fclf\u00f6ldr\u0151l \u00e9rkezett k\u00fcldem\u00e9ny volt.<\/strong><\/span><\/p>\n<p>Ha \u00e9rdekelne k\u00f6zelebbr\u0151l, felpr\u00f3b\u00e1ln\u00e1d, megvenn\u00e9d, akkor a <a href=\"https:\/\/kistit.com\/garazsvasar\/kapcsolat\/\" target=\"_blank\" rel=\"noopener\">kapcsolat<\/a> oldalon tal\u00e1lod az el\u00e9rhet\u0151s\u00e9geimet.<\/p>\n","protected":false},"excerpt":{"rendered":"<p>&nbsp;<\/p>\n<p>Csomagol\u00e1s tartalma:<\/p>\n<ul>\n<li>1 LED Crystal Magic Ball<\/li>\n<li>2\u00a0 csavar<\/li>\n<li>1 tart\u00f3<\/li>\n<\/ul>\n<p>A term\u00e9k fekete sz\u00edn\u0171, anyaga m\u0171anyag.<br \/>\nTeljes\u00edtm\u00e9ny: 3W<br \/>\nHull\u00e1mhossz: 650 nm (v\u00f6r\u00f6s) 530 (z\u00f6ld) 470 nm (k\u00e9k)<br \/>\nSz\u00f6g: 150 \u00b0<br \/>\nVez\u00e9rl\u00e9si m\u00f3d: Auto \/ Hang (Auto ID)<br \/>\nT\u00e1pfesz\u00fclts\u00e9g: AC 85-260V<br \/>\nFrekvencia: 50 ~ 60Hz<br \/>\nLED Sz\u00edn: Piros Z\u00f6ld K\u00e9k<\/p>\n<p>Sz\u00e9les k\u00f6rben haszn\u00e1lj\u00e1k sz\u00ednpadon, esk\u00fcv\u0151k alkalm\u00e1val, bulikban, de n\u00f6veli a romantikus hangulatot is.<\/p>\n<p><a href=\"https:\/\/kistit.com\/garazsvasar\/kapcsolat\/\" target=\"_blank\" rel=\"noopener\"><img decoding=\"async\" loading=\"lazy\" class=\"alignnone size-full wp-image-212\" src=\"https:\/\/kistit.com\/garazsvasar\/wp-content\/uploads\/2017\/10\/erdekel-gomb.png\" alt=\"erdekel gomb\" width=\"250\" height=\"61\" \/><\/a><\/p>\n","protected":false},"featured_media":118,"comment_status":"open","ping_status":"closed","template":"","meta":{"_et_pb_use_builder":"","_et_pb_old_content":"","_et_gb_content_width":""},"product_cat":[21,34],"product_tag":[],"_links":{"self":[{"href":"https:\/\/kistit.com\/garazsvasar\/wp-json\/wp\/v2\/product\/117"}],"collection":[{"href":"https:\/\/kistit.com\/garazsvasar\/wp-json\/wp\/v2\/product"}],"about":[{"href":"https:\/\/kistit.com\/garazsvasar\/wp-json\/wp\/v2\/types\/product"}],"replies":[{"embeddable":true,"href":"https:\/\/kistit.com\/garazsvasar\/wp-json\/wp\/v2\/comments?post=117"}],"wp:featuredmedia":[{"embeddable":true,"href":"https:\/\/kistit.com\/garazsvasar\/wp-json\/wp\/v2\/media\/118"}],"wp:attachment":[{"href":"https:\/\/kistit.com\/garazsvasar\/wp-json\/wp\/v2\/media?parent=117"}],"wp:term":[{"taxonomy":"product_cat","embeddable":true,"href":"https:\/\/kistit.com\/garazsvasar\/wp-json\/wp\/v2\/product_cat?post=117"},{"taxonomy":"product_tag","embeddable":true,"href":"https:\/\/kistit.com\/garazsvasar\/wp-json\/wp\/v2\/product_tag?post=117"}],"curies":[{"name":"wp","href":"https:\/\/api.w.org\/{rel}","templated":true}]}}