{"id":123,"date":"2017-10-29T10:51:27","date_gmt":"2017-10-29T10:51:27","guid":{"rendered":"https:\/\/kistit.com\/garazsvasar\/?page_id=123"},"modified":"2017-10-30T19:11:30","modified_gmt":"2017-10-30T19:11:30","slug":"termekek","status":"publish","type":"page","link":"https:\/\/kistit.com\/garazsvasar\/termekek\/","title":{"rendered":"Term\u00e9kek"},"content":{"rendered":"<p>[et_pb_section bb_built=&#8221;1&#8243;][et_pb_row][et_pb_column type=&#8221;4_4&#8243;][et_pb_text _builder_version=&#8221;3.0.83&#8243;]<\/p>\n<p style=\"text-align: center;\"><span style=\"color: #ff0000;\"><strong>Az itt tal\u00e1lhat\u00f3 term\u00e9kek eredeti csomagol\u00e1s\u00e1ban \u00e9rkezett term\u00e9kek.<\/strong><\/span><\/p>\n<p style=\"text-align: center;\"><span style=\"color: #ff0000;\"><strong>Soha nem haszn\u00e1lt term\u00e9kek.<\/strong><\/span><\/p>\n<p style=\"text-align: center;\"><span style=\"color: #ff0000;\"><strong>Megrendelt, de nem k\u00e9zbes\u00edtett vagy ismeretlen c\u00edmzettel rendelkez\u0151 term\u00e9kek.<\/strong><\/span><\/p>\n<p>[\/et_pb_text][et_pb_shop _builder_version=&#8221;3.0.83&#8243; type=&#8221;recent&#8221; posts_number=&#8221;60&#8243; columns_number=&#8221;3&#8243; orderby=&#8221;date&#8221; \/][\/et_pb_column][\/et_pb_row][\/et_pb_section]<\/p>\n","protected":false},"excerpt":{"rendered":"<p><div class=\"et_pb_row et_pb_row_0 et_pb_row_empty\">\n\t\t\t\t\n\t\t\t\t\n\t\t\t\t\n\t\t\t\t\n\t\t\t\t\n\t\t\t<\/div> Az itt tal\u00e1lhat\u00f3 term\u00e9kek eredeti csomagol\u00e1s\u00e1ban \u00e9rkezett term\u00e9kek. Soha nem haszn\u00e1lt term\u00e9kek. Megrendelt, de nem k\u00e9zbes\u00edtett vagy ismeretlen c\u00edmzettel rendelkez\u0151 term\u00e9kek.<\/p>\n","protected":false},"author":1,"featured_media":0,"parent":0,"menu_order":0,"comment_status":"closed","ping_status":"closed","template":"","meta":{"_et_pb_use_builder":"on","_et_pb_old_content":"","_et_gb_content_width":""},"_links":{"self":[{"href":"https:\/\/kistit.com\/garazsvasar\/wp-json\/wp\/v2\/pages\/123"}],"collection":[{"href":"https:\/\/kistit.com\/garazsvasar\/wp-json\/wp\/v2\/pages"}],"about":[{"href":"https:\/\/kistit.com\/garazsvasar\/wp-json\/wp\/v2\/types\/page"}],"author":[{"embeddable":true,"href":"https:\/\/kistit.com\/garazsvasar\/wp-json\/wp\/v2\/users\/1"}],"replies":[{"embeddable":true,"href":"https:\/\/kistit.com\/garazsvasar\/wp-json\/wp\/v2\/comments?post=123"}],"version-history":[{"count":8,"href":"https:\/\/kistit.com\/garazsvasar\/wp-json\/wp\/v2\/pages\/123\/revisions"}],"predecessor-version":[{"id":170,"href":"https:\/\/kistit.com\/garazsvasar\/wp-json\/wp\/v2\/pages\/123\/revisions\/170"}],"wp:attachment":[{"href":"https:\/\/kistit.com\/garazsvasar\/wp-json\/wp\/v2\/media?parent=123"}],"curies":[{"name":"wp","href":"https:\/\/api.w.org\/{rel}","templated":true}]}}